{"id":9737,"date":"2023-06-06T21:07:03","date_gmt":"2023-06-06T21:07:03","guid":{"rendered":"https:\/\/riadhilmuna.com\/?page_id=9737"},"modified":"2026-01-07T14:12:00","modified_gmt":"2026-01-07T14:12:00","slug":"mentions-legales","status":"publish","type":"page","link":"https:\/\/riadhilmuna.com\/es\/mentions-legales\/","title":{"rendered":"Aviso legal"},"content":{"rendered":"<div data-elementor-type=\"wp-page\" data-elementor-id=\"9737\" class=\"elementor elementor-9737\" data-elementor-post-type=\"page\">\n\t\t\t\t\t\t<section class=\"elementor-section elementor-top-section elementor-element elementor-element-9a296b9 elementor-section-height-min-height elementor-section-boxed elementor-section-height-default elementor-section-items-middle\" data-id=\"9a296b9\" data-element_type=\"section\" data-settings=\"{&quot;background_background&quot;:&quot;classic&quot;}\">\n\t\t\t\t\t\t\t<div class=\"elementor-background-overlay\"><\/div>\n\t\t\t\t\t\t\t<div class=\"elementor-container elementor-column-gap-default\">\n\t\t\t\t\t<div class=\"elementor-column elementor-col-100 elementor-top-column elementor-element elementor-element-36574aa\" data-id=\"36574aa\" data-element_type=\"column\">\n\t\t\t<div class=\"elementor-widget-wrap elementor-element-populated\">\n\t\t\t\t\t\t<div class=\"elementor-element elementor-element-e40ad09 elementor-widget elementor-widget-heading\" data-id=\"e40ad09\" data-element_type=\"widget\" data-widget_type=\"heading.default\">\n\t\t\t\t<div class=\"elementor-widget-container\">\n\t\t\t\t\t<h2 class=\"elementor-heading-title elementor-size-default\">Mentions L\u00e9gales<\/h2>\t\t\t\t<\/div>\n\t\t\t\t<\/div>\n\t\t\t\t\t<\/div>\n\t\t<\/div>\n\t\t\t\t\t<\/div>\n\t\t<\/section>\n\t\t\t\t<section class=\"elementor-section elementor-top-section elementor-element elementor-element-27648cb elementor-section-boxed elementor-section-height-default elementor-section-height-default\" data-id=\"27648cb\" data-element_type=\"section\">\n\t\t\t\t\t\t<div class=\"elementor-container elementor-column-gap-default\">\n\t\t\t\t\t<div class=\"elementor-column elementor-col-100 elementor-top-column elementor-element elementor-element-e90ae20\" data-id=\"e90ae20\" data-element_type=\"column\">\n\t\t\t<div class=\"elementor-widget-wrap elementor-element-populated\">\n\t\t\t\t\t\t<div class=\"elementor-element elementor-element-ea88638 elementor-widget elementor-widget-spacer\" data-id=\"ea88638\" data-element_type=\"widget\" data-widget_type=\"spacer.default\">\n\t\t\t\t<div class=\"elementor-widget-container\">\n\t\t\t\t\t\t\t<div class=\"elementor-spacer\">\n\t\t\t<div class=\"elementor-spacer-inner\"><\/div>\n\t\t<\/div>\n\t\t\t\t\t\t<\/div>\n\t\t\t\t<\/div>\n\t\t\t\t<div class=\"elementor-element elementor-element-3d54e74 elementor-widget elementor-widget-text-editor\" data-id=\"3d54e74\" data-element_type=\"widget\" data-widget_type=\"text-editor.default\">\n\t\t\t\t<div class=\"elementor-widget-container\">\n\t\t\t\t\t\t\t\t\t<ol><li><strong>Pr\u00e9sentation<\/strong><\/li><\/ol><p><strong>Cr\u00e9ateur du site\u00a0:<\/strong> Energiedin<\/p><p><strong>H\u00e9bergeur\u00a0:<\/strong> H\u00e9bergement du site <strong>https:\/\/riadhilmuna.com<\/strong> H\u00e9bergeur OVH, SAS immatricul\u00e9e au RCS de Lille, sous le N\u00b0424 761 419, dont le si\u00e8ge social est situ\u00e9 au 2 rue Kellermann, 59100 Roubaix, France, t\u00e9l\u00e9phone 1007.<\/p><ol start=\"2\"><li><strong>Confidentialit\u00e9<\/strong><\/li><\/ol><p><strong>Formulaire de contact<\/strong><\/p><p>Il ne stocke aucune information en base de donn\u00e9es. Les informations sont uniquement transmises par email \u00e0 l\u2019adresse de contact de <strong>Riad Hilmuna<\/strong>. Les informations saisies sont utilis\u00e9es dans le cadre d\u2019une demande d\u2019information et de la relation commerciale qui peut en d\u00e9couler. Aucune statistique n\u2019est effectu\u00e9e \u00e0 partir de vos donn\u00e9es personnelles. Vos donn\u00e9es ne sont pas redistribu\u00e9es \u00e0 des tiers. <strong>Riad Hilmuna<\/strong> ne fait pas usage d\u2019envoi r\u00e9gulier de communication promotionnelle ou d\u2019autres sollicitations de son initiative.<\/p><p><strong>Compte utilisateur<\/strong><\/p><p>Il n\u2019est pas donn\u00e9 la possibilit\u00e9 aux visiteurs du site de cr\u00e9er un compte utilisateur sur le site. Il n\u2019y a pas de possibilit\u00e9 de laisser de commentaires ou d\u2019enregistrer un profil.<\/p><p><strong>Statistiques et mesures d\u2019audience<\/strong><\/p><p><strong>Riad Hilmuna<\/strong> utilise l\u2019outil Google Analytics afin d\u2019\u00e9tablir des statistiques et des mesures d\u2019audience. Ces donn\u00e9es sont anonymis\u00e9es et ne sont pas utilis\u00e9es \u00e0 des fins commerciales.<\/p><p><strong>Droits sur vos donn\u00e9es<\/strong><\/p><p>Le site internet <strong>https:\/\/riadhilmuna.com <\/strong>n\u2019a aucun fichier contenant de donn\u00e9es personnelles. Cela ne prend pas en compte les donn\u00e9es stock\u00e9es \u00e0 des fins administratives, l\u00e9gales ou pour des raisons de s\u00e9curit\u00e9. Au sens de la l\u00e9gislation relative \u00e0 la protection des donn\u00e9es, vous disposez de droits concernant vos donn\u00e9es \u00e0 caract\u00e8re personnel, dont le droit de demander \u00e0 y acc\u00e9der, leur correction, leur suppression, leur restriction et leur transfert, ainsi que le droit de vous opposer \u00e0 leur traitement.<\/p><p><strong>Conservation des donn\u00e9es<\/strong><\/p><p>Nous conserverons vos donn\u00e9es \u00e0 caract\u00e8re personnel uniquement pendant la dur\u00e9e n\u00e9cessaire pour satisfaire les finalit\u00e9s pour lesquelles nous les avons collect\u00e9es, y compris pour respecter toutes exigences l\u00e9gales, comptables ou de rapports.<\/p><ol start=\"3\"><li><strong>Cookies<\/strong><\/li><\/ol><p><strong>D\u00e9finition<\/strong><\/p><p>Un \u00ab\u00a0cookie\u00a0\u00bb est une information stock\u00e9e dans votre ordinateur qui enregistre la fa\u00e7on dont vous naviguez sur un site Internet, de sorte que lorsque vous revenez sur ledit site Internet, ce dernier puisse vous proposer des options sur mesure, sur la base des informations stock\u00e9es concernant votre derni\u00e8re visite. Les cookies peuvent aussi \u00eatre utilis\u00e9s pour analyser le trafic et \u00e0 des fins de publicit\u00e9 et de marketing.<\/p><p><strong>Utilisation<\/strong><\/p><p>La navigation sur le site <strong>https:\/\/riadhilmuna.com <\/strong>entra\u00eene l\u2019installation de cookies sur l\u2019ordinateur de l\u2019utilisateur. Les donn\u00e9es obtenues visent \u00e0 faciliter la navigation sur le site et ont \u00e9galement vocation \u00e0 permettre des mesures de fr\u00e9quentation. Le refus des cookies peut entra\u00eener l\u2019impossibilit\u00e9 d\u2019acc\u00e9der \u00e0 une partie du contenu du site. Vous pouvez refuser l\u2019acceptation des cookies en les d\u00e9sactivant dans les param\u00e8tres de votre navigateur Internet.<\/p>\t\t\t\t\t\t\t\t<\/div>\n\t\t\t\t<\/div>\n\t\t\t\t<div class=\"elementor-element elementor-element-959246e elementor-widget elementor-widget-spacer\" data-id=\"959246e\" data-element_type=\"widget\" data-widget_type=\"spacer.default\">\n\t\t\t\t<div class=\"elementor-widget-container\">\n\t\t\t\t\t\t\t<div class=\"elementor-spacer\">\n\t\t\t<div class=\"elementor-spacer-inner\"><\/div>\n\t\t<\/div>\n\t\t\t\t\t\t<\/div>\n\t\t\t\t<\/div>\n\t\t\t\t\t<\/div>\n\t\t<\/div>\n\t\t\t\t\t<\/div>\n\t\t<\/section>\n\t\t\t\t<\/div>","protected":false},"excerpt":{"rendered":"<p>Mentions L\u00e9gales Pr\u00e9sentation Cr\u00e9ateur du site\u00a0: Energiedin H\u00e9bergeur\u00a0: H\u00e9bergement du site https:\/\/riadhilmuna.com H\u00e9bergeur OVH, SAS immatricul\u00e9e au RCS de Lille, sous le N\u00b0424 761 419, dont le si\u00e8ge social est situ\u00e9 au 2 rue Kellermann, 59100 Roubaix, France, t\u00e9l\u00e9phone 1007. Confidentialit\u00e9 Formulaire de contact Il ne stocke aucune information en base de donn\u00e9es. Les informations [&hellip;]<\/p>","protected":false},"author":1,"featured_media":0,"parent":0,"menu_order":0,"comment_status":"closed","ping_status":"closed","template":"","meta":{"footnotes":""},"class_list":["post-9737","page","type-page","status-publish","hentry"],"_links":{"self":[{"href":"https:\/\/riadhilmuna.com\/es\/wp-json\/wp\/v2\/pages\/9737","targetHints":{"allow":["GET"]}}],"collection":[{"href":"https:\/\/riadhilmuna.com\/es\/wp-json\/wp\/v2\/pages"}],"about":[{"href":"https:\/\/riadhilmuna.com\/es\/wp-json\/wp\/v2\/types\/page"}],"author":[{"embeddable":true,"href":"https:\/\/riadhilmuna.com\/es\/wp-json\/wp\/v2\/users\/1"}],"replies":[{"embeddable":true,"href":"https:\/\/riadhilmuna.com\/es\/wp-json\/wp\/v2\/comments?post=9737"}],"version-history":[{"count":28,"href":"https:\/\/riadhilmuna.com\/es\/wp-json\/wp\/v2\/pages\/9737\/revisions"}],"predecessor-version":[{"id":13221,"href":"https:\/\/riadhilmuna.com\/es\/wp-json\/wp\/v2\/pages\/9737\/revisions\/13221"}],"wp:attachment":[{"href":"https:\/\/riadhilmuna.com\/es\/wp-json\/wp\/v2\/media?parent=9737"}],"curies":[{"name":"wp","href":"https:\/\/api.w.org\/{rel}","templated":true}]}}